{"id":36,"date":"2022-03-06T22:31:18","date_gmt":"2022-03-06T21:31:18","guid":{"rendered":"https:\/\/td-lawyers.com\/?page_id=36"},"modified":"2024-04-23T14:19:24","modified_gmt":"2024-04-23T13:19:24","slug":"impressum","status":"publish","type":"page","link":"https:\/\/td-lawyers.com\/de\/impressum\/","title":{"rendered":"Impressum"},"content":{"rendered":"\n<p><strong>Anbieter:<\/strong><\/p>\n\n\n\n<p>An dieser Stelle finden Sie die f\u00fcr dieses Internetangebot erforderlichen Informationen. <br>Die Webseite www.td-lawyers.com ist ein Angebot von T&amp;D Rechtsanw\u00e4lte GbR.<\/p>\n\n\n\n<p><strong>Verantwortliche Person f\u00fcr journalistisch-redaktionell gestaltete Webangebote<\/strong> <strong>i.S.d. \u00a7 18 Abs. 2 MStV:<\/strong> <\/p>\n\n\n\n<p>Herr Vladimir Stamenkovi\u0107, LL.M.<\/p>\n\n\n\n<p>Partner<br><br>Rechtsanwalt | Mediator<\/p>\n\n\n\n<p>Fachanwalt f\u00fcr Bank- und Kapitalmarktrecht<\/p>\n\n\n\n<p>Fachanwalt f\u00fcr Versicherungsrecht<\/p>\n\n\n\n<p><strong>Angaben gem\u00e4\u00df \u00a7 5 Telemediengesetz (TMG):<\/strong><\/p>\n\n\n\n<p><strong>Rechtsform:<\/strong><\/p>\n\n\n\n<p>T&amp;D Rechtsanw\u00e4lte ist eine Gesellschaft b\u00fcrgerlichen Rechts (GbR)<\/p>\n\n\n\n<p><strong>Pers\u00f6nlich haftende und vertretungsberechtigte Gesellschafter (Partner):<\/strong><\/p>\n\n\n\n<p>Rechtsanwalt Vladimir Stamenkovi\u0107, LL.M.<\/p>\n\n\n\n<p>Rechtsanwalt Thomas H\u00fcttenm\u00fcller, LL.M.<\/p>\n\n\n\n<p><strong>Namen und Sitz:<\/strong><\/p>\n\n\n\n<p>T&amp;D Rechtsanw\u00e4lte GbR<\/p>\n\n\n\n<p>Hindenburgstrasse 82-86<\/p>\n\n\n\n<p>45127 Essen<\/p>\n\n\n\n<p><strong>Kontaktdaten:<\/strong><\/p>\n\n\n\n<p>Tel.: +49 (201) 99950286<\/p>\n\n\n\n<p>E-Mail: office@td-lawyers.com<\/p>\n\n\n\n<p><a href=\"https:\/\/www.td-lawyers.com\">www.td-lawyers.com<\/a><\/p>\n\n\n\n<p><strong>Umsatzsteuer-Identifikationsnummer gem\u00e4\u00df \u00a7 27a Umsatzsteuergesetz (UStG):<\/strong><\/p>\n\n\n\n<p>DE351149766<\/p>\n\n\n\n<p><strong>Informationen nach \u00a7 2 DL-InfoV:<\/strong><\/p>\n\n\n\n<p><strong>Berufsbezeichnung:<\/strong><\/p>\n\n\n\n<p>Die genannten gesetzlichen Berufsbezeichnungen \u201eRechtsanwalt\u201c sowie Fachanwaltsbezeichnungen wurden s\u00e4mtlich in der Bundesrepublik Deutschland verliehen. Alle unsere Rechtsanw\u00e4lte sind zur Rechtsanwaltschaft in der Bundesrepublik Deutschland zugelassen und Mitglieder der Rechtsanwaltskammer f\u00fcr den Oberlandesgerichtsbezirk Hamm.<\/p>\n\n\n\n<p><strong>Zust\u00e4ndige Rechtsanwaltskammer und Aufsichtsbeh\u00f6rde:<\/strong><\/p>\n\n\n\n<p>Rechtsanwaltskammer Hamm<\/p>\n\n\n\n<p>Ostenallee 18<\/p>\n\n\n\n<p>59063 Hamm<\/p>\n\n\n\n<p><strong>Kontaktdaten Rechtsanwaltskammer Hamm:<\/strong><\/p>\n\n\n\n<p>+49 (0)2381 985000<\/p>\n\n\n\n<p>+49 (0) 2381 985050<\/p>\n\n\n\n<p>info@rak-hamm.de<\/p>\n\n\n\n<p>Die f\u00fcr Rechtsanw\u00e4lte ma\u00dfgeblichen berufsrechtlichen Vorschriften finden Sie unter den folgenden Links:<\/p>\n\n\n\n<p><a href=\"https:\/\/www.gesetze-im-internet.de\/brao\/\"><\/a><\/p>\n\n\n\n<ul class=\"wp-block-list\">\n<li><a href=\"https:\/\/www.brak.de\/fuer-anwaelte\/berufsrecht\/\" target=\"_blank\" rel=\"noreferrer noopener\">Berufsordnung f\u00fcr Rechtsanw\u00e4lte (BORA)<\/a><\/li>\n\n\n\n<li><a href=\"https:\/\/www.brak.de\/fuer-anwaelte\/berufsrecht\/\" target=\"_blank\" rel=\"noreferrer noopener\">Fachanwaltsordnung (FAO)<\/a><\/li>\n\n\n\n<li><a href=\"http:\/\/www.gesetze-im-internet.de\/rvg\/index.html\" target=\"_blank\" rel=\"noreferrer noopener\">Rechtsanwaltsverg\u00fctungsgesetz (RVG)<\/a><\/li>\n\n\n\n<li><a href=\"https:\/\/www.brak.de\/fuer-anwaelte\/berufsrecht\/\" target=\"_blank\" rel=\"noreferrer noopener\">Berufsregelungen der Rechtsanw\u00e4lte der Europ\u00e4ischen Union (CCBE-Berufsregeln)<\/a><\/li>\n\n\n\n<li><a href=\"https:\/\/www.brak.de\/w\/files\/02_fuer_anwaelte\/berufsrecht\/gwg_08_2012.pdf\" target=\"_blank\" rel=\"noreferrer noopener\">Berufsrechtliche Erg\u00e4nzungen zum Geldw\u00e4schebek\u00e4mpfungsgesetz (GwG)<\/a><\/li>\n\n\n\n<li><a href=\"http:\/\/www.gesetze-im-internet.de\/eurag\/index.html\" target=\"_blank\" rel=\"noreferrer noopener\">Gesetz \u00fcber die T\u00e4tigkeit europ\u00e4ischer Rechtsanw\u00e4lte in Deutschland (EURAG)<\/a><\/li>\n\n\n\n<li><a href=\"https:\/\/www.brak.de\/w\/files\/02_fuer_anwaelte\/EuRAG_Eng._090615.pdf\" target=\"_blank\" rel=\"noreferrer noopener\">Law Implementing the Directives of the European Community pertaining to the professional law regulating the legal profession (EuRAG-Eng<\/a>)<\/li>\n\n\n\n<li><a href=\"https:\/\/www.gesetze-im-internet.de\/ravpv\/index.html\" target=\"_blank\" rel=\"noreferrer noopener\">Verordnung \u00fcber die Rechtsanwaltsverzeichnisse und die besonderen elektronischen Anwaltspostf\u00e4cher (beA<\/a>)<\/li>\n<\/ul>\n\n\n\n<p>Die berufsrechtlichen Regelungen k\u00f6nnen \u00fcber die Homepage der Bundesrechtsanwaltskammer <a href=\"http:\/\/www.brak.de\">www.brak.de<\/a> in der Rubrik <a href=\"https:\/\/brak.de\/fuer-anwaelte\/berufsrecht\/\"><em>\u201eBerufsrecht\u201c<\/em><\/a><em> <\/em>auf Deutsch und Englisch eingesehen und abgerufen werden.<\/p>\n\n\n\n<p><strong>Informationen zur Berufshaftpflichtversicherung:<\/strong><\/p>\n\n\n\n<p>Die Berufshaftpflichtversicherung besteht bei der andsafe AG, Provinzial-Allee 1, 48159 M\u00fcnster. Der r\u00e4umliche Geltungsbereich des Versicherungsschutzes umfasst T\u00e4tigkeiten in den Mitgliedsl\u00e4ndern der Europ\u00e4ischen Union und gen\u00fcgt so mindestens den Anforderungen der \u00a7 51 Bundesrechtsanwaltsordnung (BRAO).<\/p>\n\n\n\n<p><strong>Informationen zur au\u00dfergerichtliche Streitschlichtung:<\/strong><\/p>\n\n\n\n<p>Bei Streitigkeiten zwischen Rechtsanw\u00e4lten und Ihren Mandanten besteht auf Antrag die M\u00f6glichkeit der au\u00dfergerichtlichen Streitschlichtung bei der \u00f6rtlichen Rechtsanwaltskammer (Anschrift siehe oben) oder bei der Schlichtungsstelle der Rechtsanwaltschaft bei der Bundesrechtsanwaltskammer (Ombudsmann).<\/p>\n\n\n\n<p>Die Organisation der Schlichtungsstelle der Rechtsanwaltschaft und der Ablauf der Schlichtungsverfahren sind in der Satzung der Schlichtungsstelle der Rechtsanwaltschaft geregelt. Weitere Informationen finden Sie auf dem Internetangebot der Schlichtungsstelle der Rechtsanwaltschaft (www.schlichtungsstelle-der-rechtsanwaltschaft.de).<\/p>\n\n\n\n<p><strong>Anschrift der Schlichtungsstelle der Rechtsanwaltschaft:<\/strong><\/p>\n\n\n\n<p>Rauchstra\u00dfe 16<\/p>\n\n\n\n<p>D 10787 Berlin<\/p>\n\n\n\n<p>www.s-d-r.org<\/p>\n\n\n\n<p><strong>Information zur Online-Streitbeilegung gem\u00e4\u00df Art. 14 Abs. 1 ODR-VO:<\/strong><\/p>\n\n\n\n<p>Die Europ\u00e4ische Kommission stellt eine Plattform zur Online-Streitbeilegung (OS) bereit, die Sie unter <a href=\"http:\/\/ec.europa.eu\/consumers\/odr\/\">http:\/\/ec.europa.eu\/consumers\/odr\/<\/a> finden. Wir sind weder bereit noch verpflichtet, an einem Streitbeilegungsverfahren vor einer Verbraucherschlichtungsstelle teilzunehmen.<\/p>\n\n\n\n<p><strong>Information zur Verbraucherstreitbeilegung nach \u00a7 36 VSBG:<\/strong><\/p>\n\n\n\n<p>Wir werden nicht an einem Streitbeilegungsverfahren vor einer Verbraucherschlichtungsstelle im Sinne des Verbraucherstreitbeilegungsgesetzes teilnehmen und sind hierzu auch nicht verpflichtet.<\/p>\n\n\n\n<p><strong>Vermeidung von Interessenkonflikten:<\/strong><\/p>\n\n\n\n<p>Die Wahrnehmung widerstreitender Interessen ist Rechtsanw\u00e4lten aufgrund berufsrechtlicher Regelungen untersagt (\u00a7 43a Abs. 4 BRAO). Vor Annahme eines Mandates wird deshalb immer gepr\u00fcft, ob ein Interessenkonflikt vorliegt.<\/p>\n\n\n\n<p><strong>Hinweis zu eventuellen Abmahnungen:<\/strong><\/p>\n\n\n\n<p>Sollten Sie beabsichtigen, uns eine Abmahnung zukommen zu lassen, werden Sie zur Vermeidung unn\u00f6tiger Rechtsstreitigkeiten und -Kosten gebeten, uns zun\u00e4chst im Vorfeld zu kontaktieren. Die Kostennote einer anwaltlichen Abmahnung ohne vorhergehende Kontaktaufnahme mit dem Betreiber wird im Sinne der Schadensminderungspflicht als unbegr\u00fcndet zur\u00fcckgewiesen. Die uns damit entstehenden Kosten werden in Rechnung gestellt.<\/p>\n","protected":false},"excerpt":{"rendered":"<p>Anbieter: An dieser Stelle finden Sie die f\u00fcr dieses Internetangebot erforderlichen Informationen. Die Webseite www.td-lawyers.com ist ein Angebot von T&amp;D Rechtsanw\u00e4lte GbR. Verantwortliche Person f\u00fcr journalistisch-redaktionell gestaltete Webangebote i.S.d. \u00a7 18 Abs. 2 MStV: Herr Vladimir Stamenkovi\u0107, LL.M. Partner Rechtsanwalt | Mediator Fachanwalt f\u00fcr Bank- und Kapitalmarktrecht Fachanwalt f\u00fcr Versicherungsrecht Angaben gem\u00e4\u00df \u00a7 5 Telemediengesetz [&hellip;]<\/p>\n","protected":false},"author":1,"featured_media":0,"parent":0,"menu_order":0,"comment_status":"closed","ping_status":"closed","template":"templates\/simple-page.php","meta":{"_acf_changed":false,"footnotes":""},"class_list":["post-36","page","type-page","status-publish","hentry"],"acf":[],"yoast_head":"<!-- This site is optimized with the Yoast SEO plugin v27.3 - https:\/\/yoast.com\/product\/yoast-seo-wordpress\/ -->\n<title>Impressum - T&amp;D<\/title>\n<meta name=\"robots\" content=\"index, follow, max-snippet:-1, max-image-preview:large, max-video-preview:-1\" \/>\n<link rel=\"canonical\" href=\"https:\/\/td-lawyers.com\/de\/impressum\/\" \/>\n<meta property=\"og:locale\" content=\"de_DE\" \/>\n<meta property=\"og:type\" content=\"article\" \/>\n<meta property=\"og:title\" content=\"Impressum - T&amp;D\" \/>\n<meta property=\"og:description\" content=\"Anbieter: An dieser Stelle finden Sie die f\u00fcr dieses Internetangebot erforderlichen Informationen. Die Webseite www.td-lawyers.com ist ein Angebot von T&amp;D Rechtsanw\u00e4lte GbR. Verantwortliche Person f\u00fcr journalistisch-redaktionell gestaltete Webangebote i.S.d. \u00a7 18 Abs. 2 MStV: Herr Vladimir Stamenkovi\u0107, LL.M. Partner Rechtsanwalt | Mediator Fachanwalt f\u00fcr Bank- und Kapitalmarktrecht Fachanwalt f\u00fcr Versicherungsrecht Angaben gem\u00e4\u00df \u00a7 5 Telemediengesetz [&hellip;]\" \/>\n<meta property=\"og:url\" content=\"https:\/\/td-lawyers.com\/de\/impressum\/\" \/>\n<meta property=\"og:site_name\" content=\"T&amp;D\" \/>\n<meta property=\"article:modified_time\" content=\"2024-04-23T13:19:24+00:00\" \/>\n<meta name=\"twitter:card\" content=\"summary_large_image\" \/>\n<meta name=\"twitter:label1\" content=\"Gesch\u00e4tzte Lesezeit\" \/>\n\t<meta name=\"twitter:data1\" content=\"3\u00a0Minuten\" \/>\n<script type=\"application\/ld+json\" class=\"yoast-schema-graph\">{\"@context\":\"https:\\\/\\\/schema.org\",\"@graph\":[{\"@type\":\"WebPage\",\"@id\":\"https:\\\/\\\/td-lawyers.com\\\/de\\\/impressum\\\/\",\"url\":\"https:\\\/\\\/td-lawyers.com\\\/de\\\/impressum\\\/\",\"name\":\"Impressum - T&amp;D\",\"isPartOf\":{\"@id\":\"https:\\\/\\\/td-lawyers.com\\\/#website\"},\"datePublished\":\"2022-03-06T21:31:18+00:00\",\"dateModified\":\"2024-04-23T13:19:24+00:00\",\"breadcrumb\":{\"@id\":\"https:\\\/\\\/td-lawyers.com\\\/de\\\/impressum\\\/#breadcrumb\"},\"inLanguage\":\"de\",\"potentialAction\":[{\"@type\":\"ReadAction\",\"target\":[\"https:\\\/\\\/td-lawyers.com\\\/de\\\/impressum\\\/\"]}]},{\"@type\":\"BreadcrumbList\",\"@id\":\"https:\\\/\\\/td-lawyers.com\\\/de\\\/impressum\\\/#breadcrumb\",\"itemListElement\":[{\"@type\":\"ListItem\",\"position\":1,\"name\":\"Home\",\"item\":\"https:\\\/\\\/td-lawyers.com\\\/de\\\/\"},{\"@type\":\"ListItem\",\"position\":2,\"name\":\"Impressum\"}]},{\"@type\":\"WebSite\",\"@id\":\"https:\\\/\\\/td-lawyers.com\\\/#website\",\"url\":\"https:\\\/\\\/td-lawyers.com\\\/\",\"name\":\"T&D\",\"description\":\"\",\"publisher\":{\"@id\":\"https:\\\/\\\/td-lawyers.com\\\/#organization\"},\"potentialAction\":[{\"@type\":\"SearchAction\",\"target\":{\"@type\":\"EntryPoint\",\"urlTemplate\":\"https:\\\/\\\/td-lawyers.com\\\/?s={search_term_string}\"},\"query-input\":{\"@type\":\"PropertyValueSpecification\",\"valueRequired\":true,\"valueName\":\"search_term_string\"}}],\"inLanguage\":\"de\"},{\"@type\":\"Organization\",\"@id\":\"https:\\\/\\\/td-lawyers.com\\\/#organization\",\"name\":\"T&D\",\"url\":\"https:\\\/\\\/td-lawyers.com\\\/\",\"logo\":{\"@type\":\"ImageObject\",\"inLanguage\":\"de\",\"@id\":\"https:\\\/\\\/td-lawyers.com\\\/#\\\/schema\\\/logo\\\/image\\\/\",\"url\":\"https:\\\/\\\/td-lawyers.com\\\/wp-content\\\/uploads\\\/2024\\\/04\\\/td-logo_header-1.svg\",\"contentUrl\":\"https:\\\/\\\/td-lawyers.com\\\/wp-content\\\/uploads\\\/2024\\\/04\\\/td-logo_header-1.svg\",\"width\":102,\"height\":51,\"caption\":\"T&D\"},\"image\":{\"@id\":\"https:\\\/\\\/td-lawyers.com\\\/#\\\/schema\\\/logo\\\/image\\\/\"}}]}<\/script>\n<!-- \/ Yoast SEO plugin. -->","yoast_head_json":{"title":"Impressum - T&amp;D","robots":{"index":"index","follow":"follow","max-snippet":"max-snippet:-1","max-image-preview":"max-image-preview:large","max-video-preview":"max-video-preview:-1"},"canonical":"https:\/\/td-lawyers.com\/de\/impressum\/","og_locale":"de_DE","og_type":"article","og_title":"Impressum - T&amp;D","og_description":"Anbieter: An dieser Stelle finden Sie die f\u00fcr dieses Internetangebot erforderlichen Informationen. Die Webseite www.td-lawyers.com ist ein Angebot von T&amp;D Rechtsanw\u00e4lte GbR. Verantwortliche Person f\u00fcr journalistisch-redaktionell gestaltete Webangebote i.S.d. \u00a7 18 Abs. 2 MStV: Herr Vladimir Stamenkovi\u0107, LL.M. Partner Rechtsanwalt | Mediator Fachanwalt f\u00fcr Bank- und Kapitalmarktrecht Fachanwalt f\u00fcr Versicherungsrecht Angaben gem\u00e4\u00df \u00a7 5 Telemediengesetz [&hellip;]","og_url":"https:\/\/td-lawyers.com\/de\/impressum\/","og_site_name":"T&amp;D","article_modified_time":"2024-04-23T13:19:24+00:00","twitter_card":"summary_large_image","twitter_misc":{"Gesch\u00e4tzte Lesezeit":"3\u00a0Minuten"},"schema":{"@context":"https:\/\/schema.org","@graph":[{"@type":"WebPage","@id":"https:\/\/td-lawyers.com\/de\/impressum\/","url":"https:\/\/td-lawyers.com\/de\/impressum\/","name":"Impressum - T&amp;D","isPartOf":{"@id":"https:\/\/td-lawyers.com\/#website"},"datePublished":"2022-03-06T21:31:18+00:00","dateModified":"2024-04-23T13:19:24+00:00","breadcrumb":{"@id":"https:\/\/td-lawyers.com\/de\/impressum\/#breadcrumb"},"inLanguage":"de","potentialAction":[{"@type":"ReadAction","target":["https:\/\/td-lawyers.com\/de\/impressum\/"]}]},{"@type":"BreadcrumbList","@id":"https:\/\/td-lawyers.com\/de\/impressum\/#breadcrumb","itemListElement":[{"@type":"ListItem","position":1,"name":"Home","item":"https:\/\/td-lawyers.com\/de\/"},{"@type":"ListItem","position":2,"name":"Impressum"}]},{"@type":"WebSite","@id":"https:\/\/td-lawyers.com\/#website","url":"https:\/\/td-lawyers.com\/","name":"T&D","description":"","publisher":{"@id":"https:\/\/td-lawyers.com\/#organization"},"potentialAction":[{"@type":"SearchAction","target":{"@type":"EntryPoint","urlTemplate":"https:\/\/td-lawyers.com\/?s={search_term_string}"},"query-input":{"@type":"PropertyValueSpecification","valueRequired":true,"valueName":"search_term_string"}}],"inLanguage":"de"},{"@type":"Organization","@id":"https:\/\/td-lawyers.com\/#organization","name":"T&D","url":"https:\/\/td-lawyers.com\/","logo":{"@type":"ImageObject","inLanguage":"de","@id":"https:\/\/td-lawyers.com\/#\/schema\/logo\/image\/","url":"https:\/\/td-lawyers.com\/wp-content\/uploads\/2024\/04\/td-logo_header-1.svg","contentUrl":"https:\/\/td-lawyers.com\/wp-content\/uploads\/2024\/04\/td-logo_header-1.svg","width":102,"height":51,"caption":"T&D"},"image":{"@id":"https:\/\/td-lawyers.com\/#\/schema\/logo\/image\/"}}]}},"_links":{"self":[{"href":"https:\/\/td-lawyers.com\/de\/wp-json\/wp\/v2\/pages\/36","targetHints":{"allow":["GET"]}}],"collection":[{"href":"https:\/\/td-lawyers.com\/de\/wp-json\/wp\/v2\/pages"}],"about":[{"href":"https:\/\/td-lawyers.com\/de\/wp-json\/wp\/v2\/types\/page"}],"author":[{"embeddable":true,"href":"https:\/\/td-lawyers.com\/de\/wp-json\/wp\/v2\/users\/1"}],"replies":[{"embeddable":true,"href":"https:\/\/td-lawyers.com\/de\/wp-json\/wp\/v2\/comments?post=36"}],"version-history":[{"count":10,"href":"https:\/\/td-lawyers.com\/de\/wp-json\/wp\/v2\/pages\/36\/revisions"}],"predecessor-version":[{"id":268,"href":"https:\/\/td-lawyers.com\/de\/wp-json\/wp\/v2\/pages\/36\/revisions\/268"}],"wp:attachment":[{"href":"https:\/\/td-lawyers.com\/de\/wp-json\/wp\/v2\/media?parent=36"}],"curies":[{"name":"wp","href":"https:\/\/api.w.org\/{rel}","templated":true}]}}