{"id":286,"date":"2024-05-23T10:04:11","date_gmt":"2024-05-23T09:04:11","guid":{"rendered":"https:\/\/td-lawyers.com\/?page_id=286"},"modified":"2024-05-23T14:17:24","modified_gmt":"2024-05-23T13:17:24","slug":"auskunftspflicht-nach-art-14-dsgvo","status":"publish","type":"page","link":"https:\/\/td-lawyers.com\/de\/auskunftspflicht-nach-art-14-dsgvo\/","title":{"rendered":"Art. 14 DSGVO"},"content":{"rendered":"\n<p class=\"has-medium-font-size\"><strong>Auskunftspflicht nach Art. 14 DSGVO<\/strong><\/p>\n\n\n\n<p>Als Rechtsdienstleister ist die T&amp;D Rechtsanw\u00e4lte GbR berechtigt, Ihre personenbezogenen Daten auf Grundlage gesetzlicher Befugnisse zum Zwecke der Vertragsabwicklung, der Rechtsverfolgung und im Rahmen des eigenen Forderungsmanagements zu verarbeiten.<\/p>\n\n\n\n<p><br>Sofern personenbezogene Daten nicht unmittelbar bei Ihnen als betroffene Person erhoben werden, sind wir verpflichtet, Sie \u00fcber die Verarbeitung Ihrer Daten durch die T&amp;D Rechtsanw\u00e4lte GbR entsprechend den Auskunftsanforderungen von Art. 14 DSGVO zu unterrichten.<br>\u200d<strong><br>Auskunftsdaten gem\u00e4\u00df Art. 14 DSGVO<\/strong><\/p>\n\n\n\n<p>Sehr geehrte Damen und Herren,<\/p>\n\n\n\n<p>mit unserer ersten Kontaktaufnahme informieren wir Sie \u00fcber die Verarbeitung Ihrer personenbezogenen Daten seitens der T&amp;D Rechtsanw\u00e4lte GbR gem\u00e4\u00df Art. 14 DSGVO sowohl per Brief als auch per E-Mail.<br><br><strong>Verarbeitungszwecke und Rechtsgrundlage<\/strong><br>Die Datenverarbeitung durch T&amp;D Rechtsanw\u00e4lte GbR erfolgt zum Zwecke der Vertragsabwicklung oder der Rechtsverfolgung. Ein weiterer Zweck der Datenverarbeitung ist die Geltendmachung von Anspr\u00fcchen. Die Verarbeitung Ihrer Daten ist gem\u00e4\u00df Art. 6 Abs. 1b DSGVO f\u00fcr die Erf\u00fcllung mit dem Forderungsinhaber abgeschlossenen Vertrages (den Namen des Gl\u00e4ubigers finden Sie in unseren Zahlungsaufforderungen) erforderlich, da dies auch die Verpflichtung zur Zahlung beinhaltet. Dar\u00fcber hinaus ist die Datenverarbeitung nach Art. 6 Abs. 1f DSGVO zur Wahrung berechtigten Interessen bzw. der Interessen Dritter erforderlich. Ein solches berechtigtes Interesse besteht im Zusammenhang mit der gegen Sie geltend gemachten Forderung.<br><br><strong>Datenkategorien und Datenherkunft<\/strong><br>Wir verarbeiten die folgenden Datenkategorien: Stammdaten, Kommunikationsdaten, Vertragsdaten, Forderungsdaten und ggf. Zahlungsinformationen. Die Daten aus den vorgenannten Datenkategorien wurden uns vom Schuldner \u00fcbermittelt.<\/p>\n\n\n\n<p>\u200d<br><strong>Empf\u00e4nger<\/strong><br>Im Rahmen des Inkassoverfahrens \u00fcbermitteln wir Ihre Daten an unseren Auftraggeber und ggf. an folgende Kategorien von Empf\u00e4ngern, soweit dies zur Einziehung der Forderung erforderlich ist: Vertreter des Betroffenen, Zessionare, Auskunfteien, Dienstleister, Drittschuldner, Melde\u00e4mter, Gerichte, Gerichtsvollzieher, Rechtsanw\u00e4lte, Treuh\u00e4nder, Ermittlungsbeh\u00f6rden, Finanzbeh\u00f6rden, Sozialversicherungseinrichtungen.<br><br><strong>Dauer der Aufbewahrung<\/strong><\/p>\n\n\n\n<p>Nach Begleichung der offenen Forderung oder Beendigung des Inkassoverfahrens werden wir nach drei Jahren pr\u00fcfen, ob wir Ihre Daten noch ben\u00f6tigten und ob einer L\u00f6schung gesetzliche Aufbewahrungspflichten entgegenstehen.<\/p>\n\n\n\n<p><strong>Verarbeitung durch Dritte<\/strong><\/p>\n\n\n\n<p>Ihre personenbezogenen Daten werden ferner von unserem Zahlungsdienstleister, Novalnet AG, verarbeitet, sofern finanzielle Transaktionen im Rahmen eines laufenden Forderungsr\u00fcckf\u00fchrungsverfahrens vorgenommen werden. Weitere Informationen \u00fcber die von diesem Dienstleister durchgef\u00fchrte Datenverarbeitung finden Sie auf der folgenden Webseite: https:\/\/www.novalnet.com\/privacy-policy\/<\/p>\n\n\n\n<p><br>\u200d<br><strong>Rechte der betroffenen Person<\/strong><\/p>\n\n\n\n<p>Soweit gesetzliche Voraussetzungen vorliegen, stehen Ihnen folgende Rechte gem\u00e4\u00df Art. 15 bis 22 DSGVO zu: Recht auf Auskunft, Berichtigung, L\u00f6schung, Einschr\u00e4nkung der Verarbeitung, Daten\u00fcbertragbarkeit. Dar\u00fcber hinaus besteht nach Art. 14 Abs. 2c i.V.m. Art. 21 DSGVO ein Widerspruchsrecht gegen die Datenverarbeitung auf Grundlage Art. 6 Abs. 1f DSGVO.<br><br><\/p>\n\n\n\n<p><br><strong>Recht auf Einreichung von Beschwerden bei der Aufsichtsbeh\u00f6rde<br><\/strong>Laut Art. 77 DSGVO sind Sie dazu berechtigt, eine Beschwerde bei der zust\u00e4ndigen Aufsichtsbeh\u00f6rde einzureichen, sofern Sie der Ansicht sind, dass die Verarbeitung der Sie betreffenden personenbezogenen Daten nicht rechtm\u00e4\u00dfig ist.<br><br><br><strong>Auskunft gem\u00e4\u00df Art. 13 DSGVO<\/strong><br>Die oben genannten Angaben werden Ihnen in \u00dcbereinstimmung mit Art. 13 DSGVO zur Verf\u00fcgung gestellt, insofern die T&amp;D Rechtsanw\u00e4lte GbR personenbezogene Daten direkt von Ihnen erhebt. Die Erhebung dieser Daten erfolgt ebenfalls zum Zwecke der Vertragsabwicklung oder der Erf\u00fcllung \u00fcbernommener Zahlungsverpflichtungen.<br><br><strong>Name der verantwortlichen Partei<\/strong><br>T&amp;D Rechtsanw\u00e4lte GbR, Hindenburgstrasse 82-86,45127 Essen, Germany<\/p>\n\n\n\n<p><br><strong>Kontaktdaten des Datenschutzbeauftragten<\/strong><br>Den zust\u00e4ndigen Ansprechpartner f\u00fcr Datenschutz erreichen Sie unter office@td-lawyers.com oder unter der oben angegebenen Anschrift der T&amp;D Rechtsanw\u00e4lte GbR.<br><\/p>\n","protected":false},"excerpt":{"rendered":"<p>Auskunftspflicht nach Art. 14 DSGVO Als Rechtsdienstleister ist die T&amp;D Rechtsanw\u00e4lte GbR berechtigt, Ihre personenbezogenen Daten auf Grundlage gesetzlicher Befugnisse zum Zwecke der Vertragsabwicklung, der Rechtsverfolgung und im Rahmen des eigenen Forderungsmanagements zu verarbeiten. Sofern personenbezogene Daten nicht unmittelbar bei Ihnen als betroffene Person erhoben werden, sind wir verpflichtet, Sie \u00fcber die Verarbeitung Ihrer Daten [&hellip;]<\/p>\n","protected":false},"author":15,"featured_media":0,"parent":0,"menu_order":0,"comment_status":"closed","ping_status":"closed","template":"templates\/simple-page.php","meta":{"_acf_changed":false,"footnotes":""},"class_list":["post-286","page","type-page","status-publish","hentry"],"acf":[],"yoast_head":"<!-- This site is optimized with the Yoast SEO plugin v27.5 - https:\/\/yoast.com\/product\/yoast-seo-wordpress\/ -->\n<title>Art. 14 DSGVO - T&amp;D<\/title>\n<meta name=\"robots\" content=\"index, follow, max-snippet:-1, max-image-preview:large, max-video-preview:-1\" \/>\n<link rel=\"canonical\" href=\"https:\/\/td-lawyers.com\/de\/auskunftspflicht-nach-art-14-dsgvo\/\" \/>\n<meta property=\"og:locale\" content=\"de_DE\" \/>\n<meta property=\"og:type\" content=\"article\" \/>\n<meta property=\"og:title\" content=\"Art. 14 DSGVO - T&amp;D\" \/>\n<meta property=\"og:description\" content=\"Auskunftspflicht nach Art. 14 DSGVO Als Rechtsdienstleister ist die T&amp;D Rechtsanw\u00e4lte GbR berechtigt, Ihre personenbezogenen Daten auf Grundlage gesetzlicher Befugnisse zum Zwecke der Vertragsabwicklung, der Rechtsverfolgung und im Rahmen des eigenen Forderungsmanagements zu verarbeiten. Sofern personenbezogene Daten nicht unmittelbar bei Ihnen als betroffene Person erhoben werden, sind wir verpflichtet, Sie \u00fcber die Verarbeitung Ihrer Daten [&hellip;]\" \/>\n<meta property=\"og:url\" content=\"https:\/\/td-lawyers.com\/de\/auskunftspflicht-nach-art-14-dsgvo\/\" \/>\n<meta property=\"og:site_name\" content=\"T&amp;D\" \/>\n<meta property=\"article:modified_time\" content=\"2024-05-23T13:17:24+00:00\" \/>\n<meta name=\"twitter:card\" content=\"summary_large_image\" \/>\n<meta name=\"twitter:label1\" content=\"Gesch\u00e4tzte Lesezeit\" \/>\n\t<meta name=\"twitter:data1\" content=\"3\u00a0Minuten\" \/>\n<script type=\"application\/ld+json\" class=\"yoast-schema-graph\">{\"@context\":\"https:\\\/\\\/schema.org\",\"@graph\":[{\"@type\":\"WebPage\",\"@id\":\"https:\\\/\\\/td-lawyers.com\\\/de\\\/auskunftspflicht-nach-art-14-dsgvo\\\/\",\"url\":\"https:\\\/\\\/td-lawyers.com\\\/de\\\/auskunftspflicht-nach-art-14-dsgvo\\\/\",\"name\":\"Art. 14 DSGVO - T&amp;D\",\"isPartOf\":{\"@id\":\"https:\\\/\\\/td-lawyers.com\\\/#website\"},\"datePublished\":\"2024-05-23T09:04:11+00:00\",\"dateModified\":\"2024-05-23T13:17:24+00:00\",\"breadcrumb\":{\"@id\":\"https:\\\/\\\/td-lawyers.com\\\/de\\\/auskunftspflicht-nach-art-14-dsgvo\\\/#breadcrumb\"},\"inLanguage\":\"de\",\"potentialAction\":[{\"@type\":\"ReadAction\",\"target\":[\"https:\\\/\\\/td-lawyers.com\\\/de\\\/auskunftspflicht-nach-art-14-dsgvo\\\/\"]}]},{\"@type\":\"BreadcrumbList\",\"@id\":\"https:\\\/\\\/td-lawyers.com\\\/de\\\/auskunftspflicht-nach-art-14-dsgvo\\\/#breadcrumb\",\"itemListElement\":[{\"@type\":\"ListItem\",\"position\":1,\"name\":\"Home\",\"item\":\"https:\\\/\\\/td-lawyers.com\\\/de\\\/\"},{\"@type\":\"ListItem\",\"position\":2,\"name\":\"Art. 14 DSGVO\"}]},{\"@type\":\"WebSite\",\"@id\":\"https:\\\/\\\/td-lawyers.com\\\/#website\",\"url\":\"https:\\\/\\\/td-lawyers.com\\\/\",\"name\":\"T&D\",\"description\":\"\",\"publisher\":{\"@id\":\"https:\\\/\\\/td-lawyers.com\\\/#organization\"},\"potentialAction\":[{\"@type\":\"SearchAction\",\"target\":{\"@type\":\"EntryPoint\",\"urlTemplate\":\"https:\\\/\\\/td-lawyers.com\\\/?s={search_term_string}\"},\"query-input\":{\"@type\":\"PropertyValueSpecification\",\"valueRequired\":true,\"valueName\":\"search_term_string\"}}],\"inLanguage\":\"de\"},{\"@type\":\"Organization\",\"@id\":\"https:\\\/\\\/td-lawyers.com\\\/#organization\",\"name\":\"T&D\",\"url\":\"https:\\\/\\\/td-lawyers.com\\\/\",\"logo\":{\"@type\":\"ImageObject\",\"inLanguage\":\"de\",\"@id\":\"https:\\\/\\\/td-lawyers.com\\\/#\\\/schema\\\/logo\\\/image\\\/\",\"url\":\"https:\\\/\\\/td-lawyers.com\\\/wp-content\\\/uploads\\\/2024\\\/04\\\/td-logo_header-1.svg\",\"contentUrl\":\"https:\\\/\\\/td-lawyers.com\\\/wp-content\\\/uploads\\\/2024\\\/04\\\/td-logo_header-1.svg\",\"width\":102,\"height\":51,\"caption\":\"T&D\"},\"image\":{\"@id\":\"https:\\\/\\\/td-lawyers.com\\\/#\\\/schema\\\/logo\\\/image\\\/\"}}]}<\/script>\n<!-- \/ Yoast SEO plugin. -->","yoast_head_json":{"title":"Art. 14 DSGVO - T&amp;D","robots":{"index":"index","follow":"follow","max-snippet":"max-snippet:-1","max-image-preview":"max-image-preview:large","max-video-preview":"max-video-preview:-1"},"canonical":"https:\/\/td-lawyers.com\/de\/auskunftspflicht-nach-art-14-dsgvo\/","og_locale":"de_DE","og_type":"article","og_title":"Art. 14 DSGVO - T&amp;D","og_description":"Auskunftspflicht nach Art. 14 DSGVO Als Rechtsdienstleister ist die T&amp;D Rechtsanw\u00e4lte GbR berechtigt, Ihre personenbezogenen Daten auf Grundlage gesetzlicher Befugnisse zum Zwecke der Vertragsabwicklung, der Rechtsverfolgung und im Rahmen des eigenen Forderungsmanagements zu verarbeiten. Sofern personenbezogene Daten nicht unmittelbar bei Ihnen als betroffene Person erhoben werden, sind wir verpflichtet, Sie \u00fcber die Verarbeitung Ihrer Daten [&hellip;]","og_url":"https:\/\/td-lawyers.com\/de\/auskunftspflicht-nach-art-14-dsgvo\/","og_site_name":"T&amp;D","article_modified_time":"2024-05-23T13:17:24+00:00","twitter_card":"summary_large_image","twitter_misc":{"Gesch\u00e4tzte Lesezeit":"3\u00a0Minuten"},"schema":{"@context":"https:\/\/schema.org","@graph":[{"@type":"WebPage","@id":"https:\/\/td-lawyers.com\/de\/auskunftspflicht-nach-art-14-dsgvo\/","url":"https:\/\/td-lawyers.com\/de\/auskunftspflicht-nach-art-14-dsgvo\/","name":"Art. 14 DSGVO - T&amp;D","isPartOf":{"@id":"https:\/\/td-lawyers.com\/#website"},"datePublished":"2024-05-23T09:04:11+00:00","dateModified":"2024-05-23T13:17:24+00:00","breadcrumb":{"@id":"https:\/\/td-lawyers.com\/de\/auskunftspflicht-nach-art-14-dsgvo\/#breadcrumb"},"inLanguage":"de","potentialAction":[{"@type":"ReadAction","target":["https:\/\/td-lawyers.com\/de\/auskunftspflicht-nach-art-14-dsgvo\/"]}]},{"@type":"BreadcrumbList","@id":"https:\/\/td-lawyers.com\/de\/auskunftspflicht-nach-art-14-dsgvo\/#breadcrumb","itemListElement":[{"@type":"ListItem","position":1,"name":"Home","item":"https:\/\/td-lawyers.com\/de\/"},{"@type":"ListItem","position":2,"name":"Art. 14 DSGVO"}]},{"@type":"WebSite","@id":"https:\/\/td-lawyers.com\/#website","url":"https:\/\/td-lawyers.com\/","name":"T&D","description":"","publisher":{"@id":"https:\/\/td-lawyers.com\/#organization"},"potentialAction":[{"@type":"SearchAction","target":{"@type":"EntryPoint","urlTemplate":"https:\/\/td-lawyers.com\/?s={search_term_string}"},"query-input":{"@type":"PropertyValueSpecification","valueRequired":true,"valueName":"search_term_string"}}],"inLanguage":"de"},{"@type":"Organization","@id":"https:\/\/td-lawyers.com\/#organization","name":"T&D","url":"https:\/\/td-lawyers.com\/","logo":{"@type":"ImageObject","inLanguage":"de","@id":"https:\/\/td-lawyers.com\/#\/schema\/logo\/image\/","url":"https:\/\/td-lawyers.com\/wp-content\/uploads\/2024\/04\/td-logo_header-1.svg","contentUrl":"https:\/\/td-lawyers.com\/wp-content\/uploads\/2024\/04\/td-logo_header-1.svg","width":102,"height":51,"caption":"T&D"},"image":{"@id":"https:\/\/td-lawyers.com\/#\/schema\/logo\/image\/"}}]}},"_links":{"self":[{"href":"https:\/\/td-lawyers.com\/de\/wp-json\/wp\/v2\/pages\/286","targetHints":{"allow":["GET"]}}],"collection":[{"href":"https:\/\/td-lawyers.com\/de\/wp-json\/wp\/v2\/pages"}],"about":[{"href":"https:\/\/td-lawyers.com\/de\/wp-json\/wp\/v2\/types\/page"}],"author":[{"embeddable":true,"href":"https:\/\/td-lawyers.com\/de\/wp-json\/wp\/v2\/users\/15"}],"replies":[{"embeddable":true,"href":"https:\/\/td-lawyers.com\/de\/wp-json\/wp\/v2\/comments?post=286"}],"version-history":[{"count":10,"href":"https:\/\/td-lawyers.com\/de\/wp-json\/wp\/v2\/pages\/286\/revisions"}],"predecessor-version":[{"id":311,"href":"https:\/\/td-lawyers.com\/de\/wp-json\/wp\/v2\/pages\/286\/revisions\/311"}],"wp:attachment":[{"href":"https:\/\/td-lawyers.com\/de\/wp-json\/wp\/v2\/media?parent=286"}],"curies":[{"name":"wp","href":"https:\/\/api.w.org\/{rel}","templated":true}]}}